{"id":649,"date":"2024-07-21T21:55:56","date_gmt":"2024-07-21T19:55:56","guid":{"rendered":"https:\/\/maisonkaylash.com\/?post_type=product&#038;p=649"},"modified":"2025-01-18T23:32:38","modified_gmt":"2025-01-18T22:32:38","slug":"pince-russe-l-collection-lexigeante","status":"publish","type":"product","link":"https:\/\/maisonkaylash.com\/index.php\/produit\/pince-russe-l-collection-lexigeante\/","title":{"rendered":"PINCES COLLECTION EXIGEANTE"},"content":{"rendered":"<p class=\"x_p1\"><span class=\"x_s1\">La collection &#8220;Exigeante&#8221; se d\u00e9cline en 3 pinces (droite, courb\u00e9e, russe L).<\/span><\/p>\n<p class=\"x_p1\"><span class=\"x_s1\">Chaque pince a \u00e9t\u00e9 con\u00e7ue avec un\u00a0<\/span><span class=\"x_s2\">acier inoxydable chirurgical de haute qualit\u00e9,<\/span><span class=\"x_s1\">\u00a0vous permettant un travail de pr\u00e9cision et un r\u00e9sultat irr\u00e9prochable.\u00a0<\/span><\/p>\n<p class=\"x_p1\"><span class=\"x_s1\">Leur longueur est \u00e9galement \u00e9tudi\u00e9e de fa\u00e7on \u00e0 obtenir une\u00a0<\/span><span class=\"x_s2\">prise en main confortable<\/span><span class=\"x_s1\">\u00a0tout au long de la prestation que vous offrirez.<\/span><\/p>\n<p class=\"x_p1\"><span class=\"x_s1\">Caract\u00e9ristiques:\u00a0<\/span><\/p>\n<ul class=\"x_ul1\">\n<li class=\"x_li1\"><span class=\"x_s1\">Pince droite : 13.5 cm de longueur, poids ultra l\u00e9ger, son r\u00f4le est d\u2019isoler les cils naturels. Pr\u00e9cision +++ et ultra souple.\u00a0<\/span><\/li>\n<li class=\"x_li1\"><span class=\"x_s1\">Pince courb\u00e9e: 12.5 cm de longueur, poids ultra l\u00e9ger, son r\u00f4le est d\u2019attraper l\u2019extension de cil pour la coller sur le<\/span><span class=\"x_s2\">\u00a0<\/span><span class=\"x_s1\">cil naturel. Pr\u00e9cision +++ et ultra souple.\u00a0<\/span><\/li>\n<li class=\"x_li1\"><span class=\"x_s1\"><span class=\"x_s1\">Pince russe L : 12.5 cm de longueur, poids ultra l\u00e9ger, pour cr\u00e9er facilement vos\u00a0bouquets de Volume Russe \u00e0 la main. Pr\u00e9cision +++ et ultra souple.<\/span><\/span><\/li>\n<\/ul>\n<p class=\"x_p1\"><span class=\"x_s1\">Pinces vendues \u00e0 l&#8217;unit\u00e9.<\/span><\/p>\n<p class=\"x_p1\"><span class=\"x_s1\">Particularit\u00e9 : convient aux d\u00e9butantes et aux confirm\u00e9es<\/span><\/p>\n<p class=\"x_p1\"><span class=\"x_s1\">Attention \u00e0 ne pas la faire tomber, veillez \u00e0 bien remettre son capuchon en silicone apr\u00e8s utilisation.<\/span><\/p>\n","protected":false},"excerpt":{"rendered":"<p class=\"x_p1\"><span class=\"x_s1\">Cette nouvelle collection Maison Kaylash &#8220;<\/span><span class=\"x_s2\">exigeante<\/span><span class=\"x_s1\">&#8221; vous offre une occasion de travailler avec du mat\u00e9riel de haute qualit\u00e9.\u00a0<\/span><\/p>\n","protected":false},"featured_media":1289,"comment_status":"open","ping_status":"closed","template":"","meta":[],"product_brand":[],"product_cat":[39],"product_tag":[],"class_list":{"0":"post-649","1":"product","2":"type-product","3":"status-publish","4":"has-post-thumbnail","6":"product_cat-accessoires","8":"first","9":"instock","10":"shipping-taxable","11":"purchasable","12":"product-type-variable","13":"has-default-attributes"},"yoast_head":"<!-- This site is optimized with the Yoast SEO plugin v27.1.1 - https:\/\/yoast.com\/product\/yoast-seo-wordpress\/ -->\n<title>PINCES COLLECTION EXIGEANTE - Maison Kaylash<\/title>\n<meta name=\"description\" content=\"PINCES COLLECTION EXIGEANTE Chaque pince a \u00e9t\u00e9 con\u00e7ue avec un\u00a0acier inoxydable chirurgical de haute qualit\u00e9,\u00a0vous permettant un travail de pr\u00e9cision et un r\u00e9sultat irr\u00e9prochable.\u00a0\" \/>\n<meta name=\"robots\" content=\"index, follow, max-snippet:-1, max-image-preview:large, max-video-preview:-1\" \/>\n<link rel=\"canonical\" href=\"https:\/\/maisonkaylash.com\/index.php\/produit\/pince-russe-l-collection-lexigeante\/\" \/>\n<meta property=\"og:locale\" content=\"en_US\" \/>\n<meta property=\"og:type\" content=\"article\" \/>\n<meta property=\"og:title\" content=\"PINCES COLLECTION EXIGEANTE - Maison Kaylash\" \/>\n<meta property=\"og:description\" content=\"PINCES COLLECTION EXIGEANTE Chaque pince a \u00e9t\u00e9 con\u00e7ue avec un\u00a0acier inoxydable chirurgical de haute qualit\u00e9,\u00a0vous permettant un travail de pr\u00e9cision et un r\u00e9sultat irr\u00e9prochable.\u00a0\" \/>\n<meta property=\"og:url\" content=\"https:\/\/maisonkaylash.com\/index.php\/produit\/pince-russe-l-collection-lexigeante\/\" \/>\n<meta property=\"og:site_name\" content=\"Maison Kaylash\" \/>\n<meta property=\"article:modified_time\" content=\"2025-01-18T22:32:38+00:00\" \/>\n<meta property=\"og:image\" content=\"http:\/\/maisonkaylash.com\/wp-content\/uploads\/2024\/07\/IMG_1805.jpeg\" \/>\n\t<meta property=\"og:image:width\" content=\"1256\" \/>\n\t<meta property=\"og:image:height\" content=\"1256\" \/>\n\t<meta property=\"og:image:type\" content=\"image\/jpeg\" \/>\n<meta name=\"twitter:card\" content=\"summary_large_image\" \/>\n<meta name=\"twitter:label1\" content=\"Est. reading time\" \/>\n\t<meta name=\"twitter:data1\" content=\"2 minutes\" \/>\n<script type=\"application\/ld+json\" class=\"yoast-schema-graph\">{\"@context\":\"https:\/\/schema.org\",\"@graph\":[{\"@type\":\"WebPage\",\"@id\":\"https:\/\/maisonkaylash.com\/index.php\/produit\/pince-russe-l-collection-lexigeante\/\",\"url\":\"https:\/\/maisonkaylash.com\/index.php\/produit\/pince-russe-l-collection-lexigeante\/\",\"name\":\"PINCES COLLECTION EXIGEANTE - Maison Kaylash\",\"isPartOf\":{\"@id\":\"https:\/\/maisonkaylash.com\/#website\"},\"primaryImageOfPage\":{\"@id\":\"https:\/\/maisonkaylash.com\/index.php\/produit\/pince-russe-l-collection-lexigeante\/#primaryimage\"},\"image\":{\"@id\":\"https:\/\/maisonkaylash.com\/index.php\/produit\/pince-russe-l-collection-lexigeante\/#primaryimage\"},\"thumbnailUrl\":\"https:\/\/maisonkaylash.com\/wp-content\/uploads\/2024\/07\/IMG_1805.jpeg\",\"datePublished\":\"2024-07-21T19:55:56+00:00\",\"dateModified\":\"2025-01-18T22:32:38+00:00\",\"description\":\"PINCES COLLECTION EXIGEANTE Chaque pince a \u00e9t\u00e9 con\u00e7ue avec un\u00a0acier inoxydable chirurgical de haute qualit\u00e9,\u00a0vous permettant un travail de pr\u00e9cision et un r\u00e9sultat irr\u00e9prochable.\u00a0\",\"breadcrumb\":{\"@id\":\"https:\/\/maisonkaylash.com\/index.php\/produit\/pince-russe-l-collection-lexigeante\/#breadcrumb\"},\"inLanguage\":\"en-US\",\"potentialAction\":[{\"@type\":\"ReadAction\",\"target\":[\"https:\/\/maisonkaylash.com\/index.php\/produit\/pince-russe-l-collection-lexigeante\/\"]}]},{\"@type\":\"ImageObject\",\"inLanguage\":\"en-US\",\"@id\":\"https:\/\/maisonkaylash.com\/index.php\/produit\/pince-russe-l-collection-lexigeante\/#primaryimage\",\"url\":\"https:\/\/maisonkaylash.com\/wp-content\/uploads\/2024\/07\/IMG_1805.jpeg\",\"contentUrl\":\"https:\/\/maisonkaylash.com\/wp-content\/uploads\/2024\/07\/IMG_1805.jpeg\",\"width\":1256,\"height\":1256},{\"@type\":\"BreadcrumbList\",\"@id\":\"https:\/\/maisonkaylash.com\/index.php\/produit\/pince-russe-l-collection-lexigeante\/#breadcrumb\",\"itemListElement\":[{\"@type\":\"ListItem\",\"position\":1,\"name\":\"Accueil\",\"item\":\"https:\/\/maisonkaylash.com\/\"},{\"@type\":\"ListItem\",\"position\":2,\"name\":\"Boutique\",\"item\":\"https:\/\/maisonkaylash.com\/index.php\/boutique\/\"},{\"@type\":\"ListItem\",\"position\":3,\"name\":\"PINCES COLLECTION EXIGEANTE\"}]},{\"@type\":\"WebSite\",\"@id\":\"https:\/\/maisonkaylash.com\/#website\",\"url\":\"https:\/\/maisonkaylash.com\/\",\"name\":\"Maison Kaylash\",\"description\":\"\",\"potentialAction\":[{\"@type\":\"SearchAction\",\"target\":{\"@type\":\"EntryPoint\",\"urlTemplate\":\"https:\/\/maisonkaylash.com\/?s={search_term_string}\"},\"query-input\":{\"@type\":\"PropertyValueSpecification\",\"valueRequired\":true,\"valueName\":\"search_term_string\"}}],\"inLanguage\":\"en-US\"}]}<\/script>\n<!-- \/ Yoast SEO plugin. -->","yoast_head_json":{"title":"PINCES COLLECTION EXIGEANTE - Maison Kaylash","description":"PINCES COLLECTION EXIGEANTE Chaque pince a \u00e9t\u00e9 con\u00e7ue avec un\u00a0acier inoxydable chirurgical de haute qualit\u00e9,\u00a0vous permettant un travail de pr\u00e9cision et un r\u00e9sultat irr\u00e9prochable.\u00a0","robots":{"index":"index","follow":"follow","max-snippet":"max-snippet:-1","max-image-preview":"max-image-preview:large","max-video-preview":"max-video-preview:-1"},"canonical":"https:\/\/maisonkaylash.com\/index.php\/produit\/pince-russe-l-collection-lexigeante\/","og_locale":"en_US","og_type":"article","og_title":"PINCES COLLECTION EXIGEANTE - Maison Kaylash","og_description":"PINCES COLLECTION EXIGEANTE Chaque pince a \u00e9t\u00e9 con\u00e7ue avec un\u00a0acier inoxydable chirurgical de haute qualit\u00e9,\u00a0vous permettant un travail de pr\u00e9cision et un r\u00e9sultat irr\u00e9prochable.\u00a0","og_url":"https:\/\/maisonkaylash.com\/index.php\/produit\/pince-russe-l-collection-lexigeante\/","og_site_name":"Maison Kaylash","article_modified_time":"2025-01-18T22:32:38+00:00","og_image":[{"width":1256,"height":1256,"url":"http:\/\/maisonkaylash.com\/wp-content\/uploads\/2024\/07\/IMG_1805.jpeg","type":"image\/jpeg"}],"twitter_card":"summary_large_image","twitter_misc":{"Est. reading time":"2 minutes"},"schema":{"@context":"https:\/\/schema.org","@graph":[{"@type":"WebPage","@id":"https:\/\/maisonkaylash.com\/index.php\/produit\/pince-russe-l-collection-lexigeante\/","url":"https:\/\/maisonkaylash.com\/index.php\/produit\/pince-russe-l-collection-lexigeante\/","name":"PINCES COLLECTION EXIGEANTE - Maison Kaylash","isPartOf":{"@id":"https:\/\/maisonkaylash.com\/#website"},"primaryImageOfPage":{"@id":"https:\/\/maisonkaylash.com\/index.php\/produit\/pince-russe-l-collection-lexigeante\/#primaryimage"},"image":{"@id":"https:\/\/maisonkaylash.com\/index.php\/produit\/pince-russe-l-collection-lexigeante\/#primaryimage"},"thumbnailUrl":"https:\/\/maisonkaylash.com\/wp-content\/uploads\/2024\/07\/IMG_1805.jpeg","datePublished":"2024-07-21T19:55:56+00:00","dateModified":"2025-01-18T22:32:38+00:00","description":"PINCES COLLECTION EXIGEANTE Chaque pince a \u00e9t\u00e9 con\u00e7ue avec un\u00a0acier inoxydable chirurgical de haute qualit\u00e9,\u00a0vous permettant un travail de pr\u00e9cision et un r\u00e9sultat irr\u00e9prochable.\u00a0","breadcrumb":{"@id":"https:\/\/maisonkaylash.com\/index.php\/produit\/pince-russe-l-collection-lexigeante\/#breadcrumb"},"inLanguage":"en-US","potentialAction":[{"@type":"ReadAction","target":["https:\/\/maisonkaylash.com\/index.php\/produit\/pince-russe-l-collection-lexigeante\/"]}]},{"@type":"ImageObject","inLanguage":"en-US","@id":"https:\/\/maisonkaylash.com\/index.php\/produit\/pince-russe-l-collection-lexigeante\/#primaryimage","url":"https:\/\/maisonkaylash.com\/wp-content\/uploads\/2024\/07\/IMG_1805.jpeg","contentUrl":"https:\/\/maisonkaylash.com\/wp-content\/uploads\/2024\/07\/IMG_1805.jpeg","width":1256,"height":1256},{"@type":"BreadcrumbList","@id":"https:\/\/maisonkaylash.com\/index.php\/produit\/pince-russe-l-collection-lexigeante\/#breadcrumb","itemListElement":[{"@type":"ListItem","position":1,"name":"Accueil","item":"https:\/\/maisonkaylash.com\/"},{"@type":"ListItem","position":2,"name":"Boutique","item":"https:\/\/maisonkaylash.com\/index.php\/boutique\/"},{"@type":"ListItem","position":3,"name":"PINCES COLLECTION EXIGEANTE"}]},{"@type":"WebSite","@id":"https:\/\/maisonkaylash.com\/#website","url":"https:\/\/maisonkaylash.com\/","name":"Maison Kaylash","description":"","potentialAction":[{"@type":"SearchAction","target":{"@type":"EntryPoint","urlTemplate":"https:\/\/maisonkaylash.com\/?s={search_term_string}"},"query-input":{"@type":"PropertyValueSpecification","valueRequired":true,"valueName":"search_term_string"}}],"inLanguage":"en-US"}]}},"_links":{"self":[{"href":"https:\/\/maisonkaylash.com\/index.php\/wp-json\/wp\/v2\/product\/649","targetHints":{"allow":["GET"]}}],"collection":[{"href":"https:\/\/maisonkaylash.com\/index.php\/wp-json\/wp\/v2\/product"}],"about":[{"href":"https:\/\/maisonkaylash.com\/index.php\/wp-json\/wp\/v2\/types\/product"}],"replies":[{"embeddable":true,"href":"https:\/\/maisonkaylash.com\/index.php\/wp-json\/wp\/v2\/comments?post=649"}],"wp:featuredmedia":[{"embeddable":true,"href":"https:\/\/maisonkaylash.com\/index.php\/wp-json\/wp\/v2\/media\/1289"}],"wp:attachment":[{"href":"https:\/\/maisonkaylash.com\/index.php\/wp-json\/wp\/v2\/media?parent=649"}],"wp:term":[{"taxonomy":"product_brand","embeddable":true,"href":"https:\/\/maisonkaylash.com\/index.php\/wp-json\/wp\/v2\/product_brand?post=649"},{"taxonomy":"product_cat","embeddable":true,"href":"https:\/\/maisonkaylash.com\/index.php\/wp-json\/wp\/v2\/product_cat?post=649"},{"taxonomy":"product_tag","embeddable":true,"href":"https:\/\/maisonkaylash.com\/index.php\/wp-json\/wp\/v2\/product_tag?post=649"}],"curies":[{"name":"wp","href":"https:\/\/api.w.org\/{rel}","templated":true}]}}