{"id":1235,"date":"2024-09-01T16:43:22","date_gmt":"2024-09-01T14:43:22","guid":{"rendered":"https:\/\/maisonkaylash.com\/?post_type=product&#038;p=1235"},"modified":"2025-07-19T08:10:03","modified_gmt":"2025-07-19T06:10:03","slug":"brosse-nettoyante-douce-maison-kaylash","status":"publish","type":"product","link":"https:\/\/maisonkaylash.com\/index.php\/produit\/brosse-nettoyante-douce-maison-kaylash\/","title":{"rendered":"BROSSE NETTOYANTE DOUCE"},"content":{"rendered":"<p class=\"p1\"><span class=\"s1\">Elle assure un nettoyage optimal gr\u00e2ce \u00e0 sa forme et son design id\u00e9alement r\u00e9alis\u00e9. La fragilit\u00e9 de la peau et des extensions de cils sont respect\u00e9es gr\u00e2ce aux poils doux de ce cette brosse.<\/span><\/p>\n<p class=\"p1\"><span class=\"s1\">Cette brosse nettoyante est \u00e0 utiliser en duo avec notre shampoing \u00e0 cils MAISON KAYLASH. <\/span><\/p>\n","protected":false},"excerpt":{"rendered":"<p><span class=\"s1\">Cette brosse nettoyante est sp\u00e9cialement con\u00e7ue pour l&#8217;application du shampoing \u00e0 cils MAISON KAYLASH sur les extensions de cils, les cils naturels, les paupi\u00e8res et le contour des yeux.<\/span><\/p>\n","protected":false},"featured_media":1236,"comment_status":"open","ping_status":"closed","template":"","meta":[],"product_brand":[],"product_cat":[39],"product_tag":[48,49,47,43],"class_list":{"0":"post-1235","1":"product","2":"type-product","3":"status-publish","4":"has-post-thumbnail","6":"product_cat-accessoires","7":"product_tag-brosse-cils","8":"product_tag-brosse-nettoyante","9":"product_tag-cils","10":"product_tag-extensions-de-cils","12":"first","13":"instock","14":"shipping-taxable","15":"purchasable","16":"product-type-simple"},"yoast_head":"<!-- This site is optimized with the Yoast SEO plugin v27.1.1 - https:\/\/yoast.com\/product\/yoast-seo-wordpress\/ -->\n<title>BROSSE NETTOYANTE DOUCE - Maison Kaylash<\/title>\n<meta name=\"description\" content=\"La brosse nettoyante est sp\u00e9cialement con\u00e7ue pour l&#039;application du shampoing \u00e0 cils MAISON KAYLASH sur les extensions de cils, les cils naturels, les paupi\u00e8res et le contour des yeux.\" \/>\n<meta name=\"robots\" content=\"index, follow, max-snippet:-1, max-image-preview:large, max-video-preview:-1\" \/>\n<link rel=\"canonical\" href=\"https:\/\/maisonkaylash.com\/index.php\/produit\/brosse-nettoyante-douce-maison-kaylash\/\" \/>\n<meta property=\"og:locale\" content=\"en_US\" \/>\n<meta property=\"og:type\" content=\"article\" \/>\n<meta property=\"og:title\" content=\"BROSSE NETTOYANTE DOUCE - Maison Kaylash\" \/>\n<meta property=\"og:description\" content=\"La brosse nettoyante est sp\u00e9cialement con\u00e7ue pour l&#039;application du shampoing \u00e0 cils MAISON KAYLASH sur les extensions de cils, les cils naturels, les paupi\u00e8res et le contour des yeux.\" \/>\n<meta property=\"og:url\" content=\"https:\/\/maisonkaylash.com\/index.php\/produit\/brosse-nettoyante-douce-maison-kaylash\/\" \/>\n<meta property=\"og:site_name\" content=\"Maison Kaylash\" \/>\n<meta property=\"article:modified_time\" content=\"2025-07-19T06:10:03+00:00\" \/>\n<meta property=\"og:image\" content=\"http:\/\/maisonkaylash.com\/wp-content\/uploads\/2024\/09\/F25F1EAF-132F-416A-AD98-A18DCAAA014E-e1725201792658.jpeg\" \/>\n\t<meta property=\"og:image:width\" content=\"1108\" \/>\n\t<meta property=\"og:image:height\" content=\"1500\" \/>\n\t<meta property=\"og:image:type\" content=\"image\/jpeg\" \/>\n<meta name=\"twitter:card\" content=\"summary_large_image\" \/>\n<meta name=\"twitter:label1\" content=\"Est. reading time\" \/>\n\t<meta name=\"twitter:data1\" content=\"1 minute\" \/>\n<script type=\"application\/ld+json\" class=\"yoast-schema-graph\">{\"@context\":\"https:\/\/schema.org\",\"@graph\":[{\"@type\":\"WebPage\",\"@id\":\"https:\/\/maisonkaylash.com\/index.php\/produit\/brosse-nettoyante-douce-maison-kaylash\/\",\"url\":\"https:\/\/maisonkaylash.com\/index.php\/produit\/brosse-nettoyante-douce-maison-kaylash\/\",\"name\":\"BROSSE NETTOYANTE DOUCE - Maison Kaylash\",\"isPartOf\":{\"@id\":\"https:\/\/maisonkaylash.com\/#website\"},\"primaryImageOfPage\":{\"@id\":\"https:\/\/maisonkaylash.com\/index.php\/produit\/brosse-nettoyante-douce-maison-kaylash\/#primaryimage\"},\"image\":{\"@id\":\"https:\/\/maisonkaylash.com\/index.php\/produit\/brosse-nettoyante-douce-maison-kaylash\/#primaryimage\"},\"thumbnailUrl\":\"https:\/\/maisonkaylash.com\/wp-content\/uploads\/2024\/09\/F25F1EAF-132F-416A-AD98-A18DCAAA014E-e1725201792658.jpeg\",\"datePublished\":\"2024-09-01T14:43:22+00:00\",\"dateModified\":\"2025-07-19T06:10:03+00:00\",\"description\":\"La brosse nettoyante est sp\u00e9cialement con\u00e7ue pour l'application du shampoing \u00e0 cils MAISON KAYLASH sur les extensions de cils, les cils naturels, les paupi\u00e8res et le contour des yeux.\",\"breadcrumb\":{\"@id\":\"https:\/\/maisonkaylash.com\/index.php\/produit\/brosse-nettoyante-douce-maison-kaylash\/#breadcrumb\"},\"inLanguage\":\"en-US\",\"potentialAction\":[{\"@type\":\"ReadAction\",\"target\":[\"https:\/\/maisonkaylash.com\/index.php\/produit\/brosse-nettoyante-douce-maison-kaylash\/\"]}]},{\"@type\":\"ImageObject\",\"inLanguage\":\"en-US\",\"@id\":\"https:\/\/maisonkaylash.com\/index.php\/produit\/brosse-nettoyante-douce-maison-kaylash\/#primaryimage\",\"url\":\"https:\/\/maisonkaylash.com\/wp-content\/uploads\/2024\/09\/F25F1EAF-132F-416A-AD98-A18DCAAA014E-e1725201792658.jpeg\",\"contentUrl\":\"https:\/\/maisonkaylash.com\/wp-content\/uploads\/2024\/09\/F25F1EAF-132F-416A-AD98-A18DCAAA014E-e1725201792658.jpeg\",\"width\":1108,\"height\":1500},{\"@type\":\"BreadcrumbList\",\"@id\":\"https:\/\/maisonkaylash.com\/index.php\/produit\/brosse-nettoyante-douce-maison-kaylash\/#breadcrumb\",\"itemListElement\":[{\"@type\":\"ListItem\",\"position\":1,\"name\":\"Accueil\",\"item\":\"https:\/\/maisonkaylash.com\/\"},{\"@type\":\"ListItem\",\"position\":2,\"name\":\"Boutique\",\"item\":\"https:\/\/maisonkaylash.com\/index.php\/boutique\/\"},{\"@type\":\"ListItem\",\"position\":3,\"name\":\"BROSSE NETTOYANTE DOUCE\"}]},{\"@type\":\"WebSite\",\"@id\":\"https:\/\/maisonkaylash.com\/#website\",\"url\":\"https:\/\/maisonkaylash.com\/\",\"name\":\"Maison Kaylash\",\"description\":\"\",\"potentialAction\":[{\"@type\":\"SearchAction\",\"target\":{\"@type\":\"EntryPoint\",\"urlTemplate\":\"https:\/\/maisonkaylash.com\/?s={search_term_string}\"},\"query-input\":{\"@type\":\"PropertyValueSpecification\",\"valueRequired\":true,\"valueName\":\"search_term_string\"}}],\"inLanguage\":\"en-US\"}]}<\/script>\n<!-- \/ Yoast SEO plugin. -->","yoast_head_json":{"title":"BROSSE NETTOYANTE DOUCE - Maison Kaylash","description":"La brosse nettoyante est sp\u00e9cialement con\u00e7ue pour l'application du shampoing \u00e0 cils MAISON KAYLASH sur les extensions de cils, les cils naturels, les paupi\u00e8res et le contour des yeux.","robots":{"index":"index","follow":"follow","max-snippet":"max-snippet:-1","max-image-preview":"max-image-preview:large","max-video-preview":"max-video-preview:-1"},"canonical":"https:\/\/maisonkaylash.com\/index.php\/produit\/brosse-nettoyante-douce-maison-kaylash\/","og_locale":"en_US","og_type":"article","og_title":"BROSSE NETTOYANTE DOUCE - Maison Kaylash","og_description":"La brosse nettoyante est sp\u00e9cialement con\u00e7ue pour l'application du shampoing \u00e0 cils MAISON KAYLASH sur les extensions de cils, les cils naturels, les paupi\u00e8res et le contour des yeux.","og_url":"https:\/\/maisonkaylash.com\/index.php\/produit\/brosse-nettoyante-douce-maison-kaylash\/","og_site_name":"Maison Kaylash","article_modified_time":"2025-07-19T06:10:03+00:00","og_image":[{"width":1108,"height":1500,"url":"http:\/\/maisonkaylash.com\/wp-content\/uploads\/2024\/09\/F25F1EAF-132F-416A-AD98-A18DCAAA014E-e1725201792658.jpeg","type":"image\/jpeg"}],"twitter_card":"summary_large_image","twitter_misc":{"Est. reading time":"1 minute"},"schema":{"@context":"https:\/\/schema.org","@graph":[{"@type":"WebPage","@id":"https:\/\/maisonkaylash.com\/index.php\/produit\/brosse-nettoyante-douce-maison-kaylash\/","url":"https:\/\/maisonkaylash.com\/index.php\/produit\/brosse-nettoyante-douce-maison-kaylash\/","name":"BROSSE NETTOYANTE DOUCE - Maison Kaylash","isPartOf":{"@id":"https:\/\/maisonkaylash.com\/#website"},"primaryImageOfPage":{"@id":"https:\/\/maisonkaylash.com\/index.php\/produit\/brosse-nettoyante-douce-maison-kaylash\/#primaryimage"},"image":{"@id":"https:\/\/maisonkaylash.com\/index.php\/produit\/brosse-nettoyante-douce-maison-kaylash\/#primaryimage"},"thumbnailUrl":"https:\/\/maisonkaylash.com\/wp-content\/uploads\/2024\/09\/F25F1EAF-132F-416A-AD98-A18DCAAA014E-e1725201792658.jpeg","datePublished":"2024-09-01T14:43:22+00:00","dateModified":"2025-07-19T06:10:03+00:00","description":"La brosse nettoyante est sp\u00e9cialement con\u00e7ue pour l'application du shampoing \u00e0 cils MAISON KAYLASH sur les extensions de cils, les cils naturels, les paupi\u00e8res et le contour des yeux.","breadcrumb":{"@id":"https:\/\/maisonkaylash.com\/index.php\/produit\/brosse-nettoyante-douce-maison-kaylash\/#breadcrumb"},"inLanguage":"en-US","potentialAction":[{"@type":"ReadAction","target":["https:\/\/maisonkaylash.com\/index.php\/produit\/brosse-nettoyante-douce-maison-kaylash\/"]}]},{"@type":"ImageObject","inLanguage":"en-US","@id":"https:\/\/maisonkaylash.com\/index.php\/produit\/brosse-nettoyante-douce-maison-kaylash\/#primaryimage","url":"https:\/\/maisonkaylash.com\/wp-content\/uploads\/2024\/09\/F25F1EAF-132F-416A-AD98-A18DCAAA014E-e1725201792658.jpeg","contentUrl":"https:\/\/maisonkaylash.com\/wp-content\/uploads\/2024\/09\/F25F1EAF-132F-416A-AD98-A18DCAAA014E-e1725201792658.jpeg","width":1108,"height":1500},{"@type":"BreadcrumbList","@id":"https:\/\/maisonkaylash.com\/index.php\/produit\/brosse-nettoyante-douce-maison-kaylash\/#breadcrumb","itemListElement":[{"@type":"ListItem","position":1,"name":"Accueil","item":"https:\/\/maisonkaylash.com\/"},{"@type":"ListItem","position":2,"name":"Boutique","item":"https:\/\/maisonkaylash.com\/index.php\/boutique\/"},{"@type":"ListItem","position":3,"name":"BROSSE NETTOYANTE DOUCE"}]},{"@type":"WebSite","@id":"https:\/\/maisonkaylash.com\/#website","url":"https:\/\/maisonkaylash.com\/","name":"Maison Kaylash","description":"","potentialAction":[{"@type":"SearchAction","target":{"@type":"EntryPoint","urlTemplate":"https:\/\/maisonkaylash.com\/?s={search_term_string}"},"query-input":{"@type":"PropertyValueSpecification","valueRequired":true,"valueName":"search_term_string"}}],"inLanguage":"en-US"}]}},"_links":{"self":[{"href":"https:\/\/maisonkaylash.com\/index.php\/wp-json\/wp\/v2\/product\/1235","targetHints":{"allow":["GET"]}}],"collection":[{"href":"https:\/\/maisonkaylash.com\/index.php\/wp-json\/wp\/v2\/product"}],"about":[{"href":"https:\/\/maisonkaylash.com\/index.php\/wp-json\/wp\/v2\/types\/product"}],"replies":[{"embeddable":true,"href":"https:\/\/maisonkaylash.com\/index.php\/wp-json\/wp\/v2\/comments?post=1235"}],"wp:featuredmedia":[{"embeddable":true,"href":"https:\/\/maisonkaylash.com\/index.php\/wp-json\/wp\/v2\/media\/1236"}],"wp:attachment":[{"href":"https:\/\/maisonkaylash.com\/index.php\/wp-json\/wp\/v2\/media?parent=1235"}],"wp:term":[{"taxonomy":"product_brand","embeddable":true,"href":"https:\/\/maisonkaylash.com\/index.php\/wp-json\/wp\/v2\/product_brand?post=1235"},{"taxonomy":"product_cat","embeddable":true,"href":"https:\/\/maisonkaylash.com\/index.php\/wp-json\/wp\/v2\/product_cat?post=1235"},{"taxonomy":"product_tag","embeddable":true,"href":"https:\/\/maisonkaylash.com\/index.php\/wp-json\/wp\/v2\/product_tag?post=1235"}],"curies":[{"name":"wp","href":"https:\/\/api.w.org\/{rel}","templated":true}]}}