{"id":1228,"date":"2024-09-01T15:38:01","date_gmt":"2024-09-01T13:38:01","guid":{"rendered":"https:\/\/maisonkaylash.com\/?post_type=product&#038;p=1228"},"modified":"2025-09-19T10:43:30","modified_gmt":"2025-09-19T08:43:30","slug":"shampoing-a-cils-edition-limitee","status":"publish","type":"product","link":"https:\/\/maisonkaylash.com\/index.php\/produit\/shampoing-a-cils-edition-limitee\/","title":{"rendered":"Shampoing \u00e0 cils"},"content":{"rendered":"<p class=\"p1\"><span class=\"s1\">La raison la plus fr\u00e9quente<\/span><span class=\"s1\">\u00a0de la mauvaise r\u00e9tention de vos extensions de cil est la salet\u00e9 qui peut \u00eatre pr\u00e9sente \u00e0 la base de vos cils naturels. Avant toute pose d\u2019extension de cils, vous aurez besoin du meilleur shampoing sur le march\u00e9, afin de r\u00e9aliser une pose sur des cils propres et nettoy\u00e9s.\u00a0<\/span><\/p>\n<p class=\"p1\"><span class=\"s1\">Vos clientes pourront \u00e9galement utiliser se merveilleux shampoing \u00e0 l\u2019odeur craquante de fraise. Un bon entretien des extensions de cil aura un impact positif sur la dur\u00e9e de leurs tenues. <\/span><\/p>\n<p class=\"p1\"><span class=\"s1\">Vous pouvez utiliser notre shampoing \u00e9dition limit\u00e9e avec la brosse de nettoyage MAISON KAYLASH. <\/span><\/p>\n<p class=\"p1\"><span class=\"s1\">Format \u00e9conomique de 60 mL<\/span><\/p>\n<p class=\"p1\"><span class=\"s1\">Senteur: Fraise <\/span><\/p>\n<p class=\"p1\"><span class=\"s2\">IMPORTANT: Si votre cliente vous informe que ses yeux piquent ou semblent irrite\u00e9s, arr\u00eatez l\u2019application du shampoing pour cils, rincez abondamment \u00e0 l\u2019eau claire et ne l&#8217;utilisez pas \u00e0 l\u2019avenir pour cette m\u00eame cliente. <\/span><\/p>\n","protected":false},"excerpt":{"rendered":"<p>Le shampoing \u00e9dition limit\u00e9e de chez MAISON KAYLASH vous promet un nettoyage efficace de vos extensions de cils en supprimant huiles, s\u00e9bum, maquillage et toutes poussi\u00e8res ou impuret\u00e9s pr\u00e9sentes sur le contour de l\u2019oeil et sur les cils naturels.<\/p>\n","protected":false},"featured_media":1286,"comment_status":"open","ping_status":"closed","template":"","meta":[],"product_brand":[],"product_cat":[38],"product_tag":[],"class_list":{"0":"post-1228","1":"product","2":"type-product","3":"status-publish","4":"has-post-thumbnail","6":"product_cat-produits","8":"first","9":"instock","10":"shipping-taxable","11":"purchasable","12":"product-type-simple"},"yoast_head":"<!-- This site is optimized with the Yoast SEO plugin v27.1.1 - https:\/\/yoast.com\/product\/yoast-seo-wordpress\/ -->\n<title>Shampoing \u00e0 cils - Maison Kaylash<\/title>\n<meta name=\"description\" content=\"Le shampoing \u00e9dition limit\u00e9e de chez MAISON KAYLASH vous promet un nettoyage efficace de vos extensions de cils en supprimant huiles, s\u00e9bum, maquillage et toutes poussi\u00e8res ou impuret\u00e9s pr\u00e9sentes sur le contour de l\u2019oeil et sur les cils naturels.\" \/>\n<meta name=\"robots\" content=\"index, follow, max-snippet:-1, max-image-preview:large, max-video-preview:-1\" \/>\n<link rel=\"canonical\" href=\"https:\/\/maisonkaylash.com\/index.php\/produit\/shampoing-a-cils-edition-limitee\/\" \/>\n<meta property=\"og:locale\" content=\"en_US\" \/>\n<meta property=\"og:type\" content=\"article\" \/>\n<meta property=\"og:title\" content=\"Shampoing \u00e0 cils - Maison Kaylash\" \/>\n<meta property=\"og:description\" content=\"Le shampoing \u00e9dition limit\u00e9e de chez MAISON KAYLASH vous promet un nettoyage efficace de vos extensions de cils en supprimant huiles, s\u00e9bum, maquillage et toutes poussi\u00e8res ou impuret\u00e9s pr\u00e9sentes sur le contour de l\u2019oeil et sur les cils naturels.\" \/>\n<meta property=\"og:url\" content=\"https:\/\/maisonkaylash.com\/index.php\/produit\/shampoing-a-cils-edition-limitee\/\" \/>\n<meta property=\"og:site_name\" content=\"Maison Kaylash\" \/>\n<meta property=\"article:modified_time\" content=\"2025-09-19T08:43:30+00:00\" \/>\n<meta property=\"og:image\" content=\"http:\/\/maisonkaylash.com\/wp-content\/uploads\/2024\/07\/IMG_7456.jpeg\" \/>\n\t<meta property=\"og:image:width\" content=\"2048\" \/>\n\t<meta property=\"og:image:height\" content=\"1367\" \/>\n\t<meta property=\"og:image:type\" content=\"image\/jpeg\" \/>\n<meta name=\"twitter:card\" content=\"summary_large_image\" \/>\n<meta name=\"twitter:label1\" content=\"Est. reading time\" \/>\n\t<meta name=\"twitter:data1\" content=\"1 minute\" \/>\n<script type=\"application\/ld+json\" class=\"yoast-schema-graph\">{\"@context\":\"https:\/\/schema.org\",\"@graph\":[{\"@type\":\"WebPage\",\"@id\":\"https:\/\/maisonkaylash.com\/index.php\/produit\/shampoing-a-cils-edition-limitee\/\",\"url\":\"https:\/\/maisonkaylash.com\/index.php\/produit\/shampoing-a-cils-edition-limitee\/\",\"name\":\"Shampoing \u00e0 cils - Maison Kaylash\",\"isPartOf\":{\"@id\":\"https:\/\/maisonkaylash.com\/#website\"},\"primaryImageOfPage\":{\"@id\":\"https:\/\/maisonkaylash.com\/index.php\/produit\/shampoing-a-cils-edition-limitee\/#primaryimage\"},\"image\":{\"@id\":\"https:\/\/maisonkaylash.com\/index.php\/produit\/shampoing-a-cils-edition-limitee\/#primaryimage\"},\"thumbnailUrl\":\"https:\/\/maisonkaylash.com\/wp-content\/uploads\/2024\/07\/IMG_7456.jpeg\",\"datePublished\":\"2024-09-01T13:38:01+00:00\",\"dateModified\":\"2025-09-19T08:43:30+00:00\",\"description\":\"Le shampoing \u00e9dition limit\u00e9e de chez MAISON KAYLASH vous promet un nettoyage efficace de vos extensions de cils en supprimant huiles, s\u00e9bum, maquillage et toutes poussi\u00e8res ou impuret\u00e9s pr\u00e9sentes sur le contour de l\u2019oeil et sur les cils naturels.\",\"breadcrumb\":{\"@id\":\"https:\/\/maisonkaylash.com\/index.php\/produit\/shampoing-a-cils-edition-limitee\/#breadcrumb\"},\"inLanguage\":\"en-US\",\"potentialAction\":[{\"@type\":\"ReadAction\",\"target\":[\"https:\/\/maisonkaylash.com\/index.php\/produit\/shampoing-a-cils-edition-limitee\/\"]}]},{\"@type\":\"ImageObject\",\"inLanguage\":\"en-US\",\"@id\":\"https:\/\/maisonkaylash.com\/index.php\/produit\/shampoing-a-cils-edition-limitee\/#primaryimage\",\"url\":\"https:\/\/maisonkaylash.com\/wp-content\/uploads\/2024\/07\/IMG_7456.jpeg\",\"contentUrl\":\"https:\/\/maisonkaylash.com\/wp-content\/uploads\/2024\/07\/IMG_7456.jpeg\",\"width\":2048,\"height\":1367},{\"@type\":\"BreadcrumbList\",\"@id\":\"https:\/\/maisonkaylash.com\/index.php\/produit\/shampoing-a-cils-edition-limitee\/#breadcrumb\",\"itemListElement\":[{\"@type\":\"ListItem\",\"position\":1,\"name\":\"Accueil\",\"item\":\"https:\/\/maisonkaylash.com\/\"},{\"@type\":\"ListItem\",\"position\":2,\"name\":\"Boutique\",\"item\":\"https:\/\/maisonkaylash.com\/index.php\/boutique\/\"},{\"@type\":\"ListItem\",\"position\":3,\"name\":\"Shampoing \u00e0 cils\"}]},{\"@type\":\"WebSite\",\"@id\":\"https:\/\/maisonkaylash.com\/#website\",\"url\":\"https:\/\/maisonkaylash.com\/\",\"name\":\"Maison Kaylash\",\"description\":\"\",\"potentialAction\":[{\"@type\":\"SearchAction\",\"target\":{\"@type\":\"EntryPoint\",\"urlTemplate\":\"https:\/\/maisonkaylash.com\/?s={search_term_string}\"},\"query-input\":{\"@type\":\"PropertyValueSpecification\",\"valueRequired\":true,\"valueName\":\"search_term_string\"}}],\"inLanguage\":\"en-US\"}]}<\/script>\n<!-- \/ Yoast SEO plugin. -->","yoast_head_json":{"title":"Shampoing \u00e0 cils - Maison Kaylash","description":"Le shampoing \u00e9dition limit\u00e9e de chez MAISON KAYLASH vous promet un nettoyage efficace de vos extensions de cils en supprimant huiles, s\u00e9bum, maquillage et toutes poussi\u00e8res ou impuret\u00e9s pr\u00e9sentes sur le contour de l\u2019oeil et sur les cils naturels.","robots":{"index":"index","follow":"follow","max-snippet":"max-snippet:-1","max-image-preview":"max-image-preview:large","max-video-preview":"max-video-preview:-1"},"canonical":"https:\/\/maisonkaylash.com\/index.php\/produit\/shampoing-a-cils-edition-limitee\/","og_locale":"en_US","og_type":"article","og_title":"Shampoing \u00e0 cils - Maison Kaylash","og_description":"Le shampoing \u00e9dition limit\u00e9e de chez MAISON KAYLASH vous promet un nettoyage efficace de vos extensions de cils en supprimant huiles, s\u00e9bum, maquillage et toutes poussi\u00e8res ou impuret\u00e9s pr\u00e9sentes sur le contour de l\u2019oeil et sur les cils naturels.","og_url":"https:\/\/maisonkaylash.com\/index.php\/produit\/shampoing-a-cils-edition-limitee\/","og_site_name":"Maison Kaylash","article_modified_time":"2025-09-19T08:43:30+00:00","og_image":[{"width":2048,"height":1367,"url":"http:\/\/maisonkaylash.com\/wp-content\/uploads\/2024\/07\/IMG_7456.jpeg","type":"image\/jpeg"}],"twitter_card":"summary_large_image","twitter_misc":{"Est. reading time":"1 minute"},"schema":{"@context":"https:\/\/schema.org","@graph":[{"@type":"WebPage","@id":"https:\/\/maisonkaylash.com\/index.php\/produit\/shampoing-a-cils-edition-limitee\/","url":"https:\/\/maisonkaylash.com\/index.php\/produit\/shampoing-a-cils-edition-limitee\/","name":"Shampoing \u00e0 cils - Maison Kaylash","isPartOf":{"@id":"https:\/\/maisonkaylash.com\/#website"},"primaryImageOfPage":{"@id":"https:\/\/maisonkaylash.com\/index.php\/produit\/shampoing-a-cils-edition-limitee\/#primaryimage"},"image":{"@id":"https:\/\/maisonkaylash.com\/index.php\/produit\/shampoing-a-cils-edition-limitee\/#primaryimage"},"thumbnailUrl":"https:\/\/maisonkaylash.com\/wp-content\/uploads\/2024\/07\/IMG_7456.jpeg","datePublished":"2024-09-01T13:38:01+00:00","dateModified":"2025-09-19T08:43:30+00:00","description":"Le shampoing \u00e9dition limit\u00e9e de chez MAISON KAYLASH vous promet un nettoyage efficace de vos extensions de cils en supprimant huiles, s\u00e9bum, maquillage et toutes poussi\u00e8res ou impuret\u00e9s pr\u00e9sentes sur le contour de l\u2019oeil et sur les cils naturels.","breadcrumb":{"@id":"https:\/\/maisonkaylash.com\/index.php\/produit\/shampoing-a-cils-edition-limitee\/#breadcrumb"},"inLanguage":"en-US","potentialAction":[{"@type":"ReadAction","target":["https:\/\/maisonkaylash.com\/index.php\/produit\/shampoing-a-cils-edition-limitee\/"]}]},{"@type":"ImageObject","inLanguage":"en-US","@id":"https:\/\/maisonkaylash.com\/index.php\/produit\/shampoing-a-cils-edition-limitee\/#primaryimage","url":"https:\/\/maisonkaylash.com\/wp-content\/uploads\/2024\/07\/IMG_7456.jpeg","contentUrl":"https:\/\/maisonkaylash.com\/wp-content\/uploads\/2024\/07\/IMG_7456.jpeg","width":2048,"height":1367},{"@type":"BreadcrumbList","@id":"https:\/\/maisonkaylash.com\/index.php\/produit\/shampoing-a-cils-edition-limitee\/#breadcrumb","itemListElement":[{"@type":"ListItem","position":1,"name":"Accueil","item":"https:\/\/maisonkaylash.com\/"},{"@type":"ListItem","position":2,"name":"Boutique","item":"https:\/\/maisonkaylash.com\/index.php\/boutique\/"},{"@type":"ListItem","position":3,"name":"Shampoing \u00e0 cils"}]},{"@type":"WebSite","@id":"https:\/\/maisonkaylash.com\/#website","url":"https:\/\/maisonkaylash.com\/","name":"Maison Kaylash","description":"","potentialAction":[{"@type":"SearchAction","target":{"@type":"EntryPoint","urlTemplate":"https:\/\/maisonkaylash.com\/?s={search_term_string}"},"query-input":{"@type":"PropertyValueSpecification","valueRequired":true,"valueName":"search_term_string"}}],"inLanguage":"en-US"}]}},"_links":{"self":[{"href":"https:\/\/maisonkaylash.com\/index.php\/wp-json\/wp\/v2\/product\/1228","targetHints":{"allow":["GET"]}}],"collection":[{"href":"https:\/\/maisonkaylash.com\/index.php\/wp-json\/wp\/v2\/product"}],"about":[{"href":"https:\/\/maisonkaylash.com\/index.php\/wp-json\/wp\/v2\/types\/product"}],"replies":[{"embeddable":true,"href":"https:\/\/maisonkaylash.com\/index.php\/wp-json\/wp\/v2\/comments?post=1228"}],"wp:featuredmedia":[{"embeddable":true,"href":"https:\/\/maisonkaylash.com\/index.php\/wp-json\/wp\/v2\/media\/1286"}],"wp:attachment":[{"href":"https:\/\/maisonkaylash.com\/index.php\/wp-json\/wp\/v2\/media?parent=1228"}],"wp:term":[{"taxonomy":"product_brand","embeddable":true,"href":"https:\/\/maisonkaylash.com\/index.php\/wp-json\/wp\/v2\/product_brand?post=1228"},{"taxonomy":"product_cat","embeddable":true,"href":"https:\/\/maisonkaylash.com\/index.php\/wp-json\/wp\/v2\/product_cat?post=1228"},{"taxonomy":"product_tag","embeddable":true,"href":"https:\/\/maisonkaylash.com\/index.php\/wp-json\/wp\/v2\/product_tag?post=1228"}],"curies":[{"name":"wp","href":"https:\/\/api.w.org\/{rel}","templated":true}]}}