{"id":44,"date":"2024-06-15T13:05:46","date_gmt":"2024-06-15T11:05:46","guid":{"rendered":"https:\/\/maisonkaylash.com\/?page_id=44"},"modified":"2024-07-11T22:48:16","modified_gmt":"2024-07-11T20:48:16","slug":"mention-legales","status":"publish","type":"page","link":"https:\/\/maisonkaylash.com\/index.php\/mention-legales\/","title":{"rendered":"Mention l\u00e9gales"},"content":{"rendered":"\t\t<div data-elementor-type=\"wp-page\" data-elementor-id=\"44\" class=\"elementor elementor-44\">\n\t\t\t\t<div class=\"elementor-element elementor-element-2786ee1 e-flex e-con-boxed e-con e-parent\" data-id=\"2786ee1\" data-element_type=\"container\" data-e-type=\"container\" data-settings=\"{&quot;background_background&quot;:&quot;classic&quot;}\">\n\t\t\t\t\t<div class=\"e-con-inner\">\n\t\t\t\t<div class=\"elementor-element elementor-element-66f155a elementor-widget elementor-widget-heading\" data-id=\"66f155a\" data-element_type=\"widget\" data-e-type=\"widget\" data-widget_type=\"heading.default\">\n\t\t\t\t<div class=\"elementor-widget-container\">\n\t\t\t\t\t<h2 class=\"elementor-heading-title elementor-size-default\">MENTIONS LEGALES<\/h2>\t\t\t\t<\/div>\n\t\t\t\t<\/div>\n\t\t\t\t<div class=\"elementor-element elementor-element-b521e62 elementor-widget elementor-widget-text-editor\" data-id=\"b521e62\" data-element_type=\"widget\" data-e-type=\"widget\" data-widget_type=\"text-editor.default\">\n\t\t\t\t<div class=\"elementor-widget-container\">\n\t\t\t\t\t\t\t\t\t<div class=\"x_elementor-section x_elementor-element x_elementor-element-qtjefex x_elementor-top-section x_elementor-section-boxed x_elementor-section-height-default x_elementor-section-height-default\" data-element_type=\"section\"><div class=\"x_elementor-container x_elementor-column-gap-default\"><div class=\"x_elementor-row\"><div class=\"x_elementor-column x_elementor-element x_elementor-element-sah4bwy x_elementor-col-100 x_elementor-top-column\" data-element_type=\"column\"><div class=\"x_elementor-column-wrap x_elementor-element-populated\"><div class=\"x_elementor-widget-wrap\"><div class=\"x_elementor-widget x_elementor-element x_elementor-element-33h6nrs x_elementor-widget-text-editor\" data-element_type=\"text-editor.default\"><div class=\"x_elementor-widget-container\"><div class=\"x_elementor-text-editor x_elementor-clearfix x_rte-content\"><p>La soci\u00e9t\u00e9 MAISON KAYLASH est enregistr\u00e9e sous le num\u00e9ro de SIRET<\/p><p>Adresse:<\/p><p>MAISON KAYLASH\u00a0<\/p><p>315 route de Savigny\u00a0<\/p><p>69210 SAIN BEL\u00a0<\/p><p>maisonkaylash@hotmail.com<\/p><p>exploite le site internet:\u00a0<\/p><p>Le site internet MAISON KAYLASH est h\u00e9berg\u00e9 chez le prestataire OVH sur le territoire de l\u2019Union Europ\u00e9enne conform\u00e9ment aux dispositions du R\u00e8glement G\u00e9n\u00e9ral sur la Protection des Donn\u00e9es (RGPD : n\u00b0 2016-679)<\/p><\/div><\/div><\/div><\/div><\/div><\/div><\/div><\/div><\/div><div class=\"x_elementor-section x_elementor-element x_elementor-element-qv8oqyc x_elementor-top-section x_elementor-section-boxed x_elementor-section-height-default x_elementor-section-height-default\" data-element_type=\"section\"><div class=\"x_elementor-container x_elementor-column-gap-default\"><div class=\"x_elementor-row\"><div class=\"x_elementor-column x_elementor-element x_elementor-element-zu7dwj8 x_elementor-col-100 x_elementor-top-column\" data-element_type=\"column\"><div class=\"x_elementor-column-wrap x_elementor-element-populated\"><div class=\"x_elementor-widget-wrap\"><div class=\"x_elementor-widget x_elementor-element x_elementor-element-80c4yqy x_elementor-widget-text-editor\" data-element_type=\"text-editor.default\"><div class=\"x_elementor-widget-container\"><div class=\"x_elementor-text-editor x_elementor-clearfix x_rte-content\"><p>L\u2019objectif est d\u2019apporter une prestation qui assure le meilleur taux d\u2019accessibilit\u00e9. L\u2019h\u00e9bergeur assure la continuit\u00e9 de son service 24 Heures sur 24, tous les jours de l\u2019ann\u00e9e. Il se r\u00e9serve n\u00e9anmoins la possibilit\u00e9 d\u2019interrompre le service d\u2019h\u00e9bergement pour les dur\u00e9es les plus courtes possibles notamment \u00e0 des fins de maintenance, d\u2019am\u00e9lioration de ses infrastructures, de d\u00e9faillance de ses infrastructures ou si les Prestations et Services g\u00e9n\u00e8rent un trafic r\u00e9put\u00e9 anormal.\u00a0<\/p><\/div><\/div><\/div><\/div><\/div><\/div><\/div><\/div><\/div>\t\t\t\t\t\t\t\t<\/div>\n\t\t\t\t<\/div>\n\t\t\t\t\t<\/div>\n\t\t\t\t<\/div>\n\t\t\t\t<\/div>\n\t\t","protected":false},"excerpt":{"rendered":"<p>MENTIONS LEGALES La soci\u00e9t\u00e9 MAISON KAYLASH est enregistr\u00e9e sous le num\u00e9ro de SIRET Adresse: MAISON KAYLASH\u00a0 315 route de Savigny\u00a0 69210 SAIN BEL\u00a0 maisonkaylash@hotmail.com exploite le site internet:\u00a0 Le site internet MAISON KAYLASH est h\u00e9berg\u00e9 chez le prestataire OVH sur le territoire de l\u2019Union Europ\u00e9enne conform\u00e9ment aux dispositions du R\u00e8glement G\u00e9n\u00e9ral sur la Protection des [&hellip;]<\/p>\n","protected":false},"author":1,"featured_media":0,"parent":0,"menu_order":0,"comment_status":"closed","ping_status":"closed","template":"","meta":{"footnotes":""},"class_list":["post-44","page","type-page","status-publish","hentry"],"yoast_head":"<!-- This site is optimized with the Yoast SEO plugin v27.1.1 - https:\/\/yoast.com\/product\/yoast-seo-wordpress\/ -->\n<title>Mention l\u00e9gales - Maison Kaylash<\/title>\n<meta name=\"robots\" content=\"index, follow, max-snippet:-1, max-image-preview:large, max-video-preview:-1\" \/>\n<link rel=\"canonical\" href=\"https:\/\/maisonkaylash.com\/index.php\/mention-legales\/\" \/>\n<meta property=\"og:locale\" content=\"en_US\" \/>\n<meta property=\"og:type\" content=\"article\" \/>\n<meta property=\"og:title\" content=\"Mention l\u00e9gales - Maison Kaylash\" \/>\n<meta property=\"og:description\" content=\"MENTIONS LEGALES La soci\u00e9t\u00e9 MAISON KAYLASH est enregistr\u00e9e sous le num\u00e9ro de SIRET Adresse: MAISON KAYLASH\u00a0 315 route de Savigny\u00a0 69210 SAIN BEL\u00a0 maisonkaylash@hotmail.com exploite le site internet:\u00a0 Le site internet MAISON KAYLASH est h\u00e9berg\u00e9 chez le prestataire OVH sur le territoire de l\u2019Union Europ\u00e9enne conform\u00e9ment aux dispositions du R\u00e8glement G\u00e9n\u00e9ral sur la Protection des [&hellip;]\" \/>\n<meta property=\"og:url\" content=\"https:\/\/maisonkaylash.com\/index.php\/mention-legales\/\" \/>\n<meta property=\"og:site_name\" content=\"Maison Kaylash\" \/>\n<meta property=\"article:modified_time\" content=\"2024-07-11T20:48:16+00:00\" \/>\n<meta name=\"twitter:card\" content=\"summary_large_image\" \/>\n<meta name=\"twitter:label1\" content=\"Est. reading time\" \/>\n\t<meta name=\"twitter:data1\" content=\"1 minute\" \/>\n<script type=\"application\/ld+json\" class=\"yoast-schema-graph\">{\"@context\":\"https:\/\/schema.org\",\"@graph\":[{\"@type\":\"WebPage\",\"@id\":\"https:\/\/maisonkaylash.com\/index.php\/mention-legales\/\",\"url\":\"https:\/\/maisonkaylash.com\/index.php\/mention-legales\/\",\"name\":\"Mention l\u00e9gales - Maison Kaylash\",\"isPartOf\":{\"@id\":\"https:\/\/maisonkaylash.com\/#website\"},\"datePublished\":\"2024-06-15T11:05:46+00:00\",\"dateModified\":\"2024-07-11T20:48:16+00:00\",\"breadcrumb\":{\"@id\":\"https:\/\/maisonkaylash.com\/index.php\/mention-legales\/#breadcrumb\"},\"inLanguage\":\"en-US\",\"potentialAction\":[{\"@type\":\"ReadAction\",\"target\":[\"https:\/\/maisonkaylash.com\/index.php\/mention-legales\/\"]}]},{\"@type\":\"BreadcrumbList\",\"@id\":\"https:\/\/maisonkaylash.com\/index.php\/mention-legales\/#breadcrumb\",\"itemListElement\":[{\"@type\":\"ListItem\",\"position\":1,\"name\":\"Accueil\",\"item\":\"https:\/\/maisonkaylash.com\/\"},{\"@type\":\"ListItem\",\"position\":2,\"name\":\"Mention l\u00e9gales\"}]},{\"@type\":\"WebSite\",\"@id\":\"https:\/\/maisonkaylash.com\/#website\",\"url\":\"https:\/\/maisonkaylash.com\/\",\"name\":\"Maison Kaylash\",\"description\":\"\",\"potentialAction\":[{\"@type\":\"SearchAction\",\"target\":{\"@type\":\"EntryPoint\",\"urlTemplate\":\"https:\/\/maisonkaylash.com\/?s={search_term_string}\"},\"query-input\":{\"@type\":\"PropertyValueSpecification\",\"valueRequired\":true,\"valueName\":\"search_term_string\"}}],\"inLanguage\":\"en-US\"}]}<\/script>\n<!-- \/ Yoast SEO plugin. -->","yoast_head_json":{"title":"Mention l\u00e9gales - Maison Kaylash","robots":{"index":"index","follow":"follow","max-snippet":"max-snippet:-1","max-image-preview":"max-image-preview:large","max-video-preview":"max-video-preview:-1"},"canonical":"https:\/\/maisonkaylash.com\/index.php\/mention-legales\/","og_locale":"en_US","og_type":"article","og_title":"Mention l\u00e9gales - Maison Kaylash","og_description":"MENTIONS LEGALES La soci\u00e9t\u00e9 MAISON KAYLASH est enregistr\u00e9e sous le num\u00e9ro de SIRET Adresse: MAISON KAYLASH\u00a0 315 route de Savigny\u00a0 69210 SAIN BEL\u00a0 maisonkaylash@hotmail.com exploite le site internet:\u00a0 Le site internet MAISON KAYLASH est h\u00e9berg\u00e9 chez le prestataire OVH sur le territoire de l\u2019Union Europ\u00e9enne conform\u00e9ment aux dispositions du R\u00e8glement G\u00e9n\u00e9ral sur la Protection des [&hellip;]","og_url":"https:\/\/maisonkaylash.com\/index.php\/mention-legales\/","og_site_name":"Maison Kaylash","article_modified_time":"2024-07-11T20:48:16+00:00","twitter_card":"summary_large_image","twitter_misc":{"Est. reading time":"1 minute"},"schema":{"@context":"https:\/\/schema.org","@graph":[{"@type":"WebPage","@id":"https:\/\/maisonkaylash.com\/index.php\/mention-legales\/","url":"https:\/\/maisonkaylash.com\/index.php\/mention-legales\/","name":"Mention l\u00e9gales - Maison Kaylash","isPartOf":{"@id":"https:\/\/maisonkaylash.com\/#website"},"datePublished":"2024-06-15T11:05:46+00:00","dateModified":"2024-07-11T20:48:16+00:00","breadcrumb":{"@id":"https:\/\/maisonkaylash.com\/index.php\/mention-legales\/#breadcrumb"},"inLanguage":"en-US","potentialAction":[{"@type":"ReadAction","target":["https:\/\/maisonkaylash.com\/index.php\/mention-legales\/"]}]},{"@type":"BreadcrumbList","@id":"https:\/\/maisonkaylash.com\/index.php\/mention-legales\/#breadcrumb","itemListElement":[{"@type":"ListItem","position":1,"name":"Accueil","item":"https:\/\/maisonkaylash.com\/"},{"@type":"ListItem","position":2,"name":"Mention l\u00e9gales"}]},{"@type":"WebSite","@id":"https:\/\/maisonkaylash.com\/#website","url":"https:\/\/maisonkaylash.com\/","name":"Maison Kaylash","description":"","potentialAction":[{"@type":"SearchAction","target":{"@type":"EntryPoint","urlTemplate":"https:\/\/maisonkaylash.com\/?s={search_term_string}"},"query-input":{"@type":"PropertyValueSpecification","valueRequired":true,"valueName":"search_term_string"}}],"inLanguage":"en-US"}]}},"_links":{"self":[{"href":"https:\/\/maisonkaylash.com\/index.php\/wp-json\/wp\/v2\/pages\/44","targetHints":{"allow":["GET"]}}],"collection":[{"href":"https:\/\/maisonkaylash.com\/index.php\/wp-json\/wp\/v2\/pages"}],"about":[{"href":"https:\/\/maisonkaylash.com\/index.php\/wp-json\/wp\/v2\/types\/page"}],"author":[{"embeddable":true,"href":"https:\/\/maisonkaylash.com\/index.php\/wp-json\/wp\/v2\/users\/1"}],"replies":[{"embeddable":true,"href":"https:\/\/maisonkaylash.com\/index.php\/wp-json\/wp\/v2\/comments?post=44"}],"version-history":[{"count":22,"href":"https:\/\/maisonkaylash.com\/index.php\/wp-json\/wp\/v2\/pages\/44\/revisions"}],"predecessor-version":[{"id":626,"href":"https:\/\/maisonkaylash.com\/index.php\/wp-json\/wp\/v2\/pages\/44\/revisions\/626"}],"wp:attachment":[{"href":"https:\/\/maisonkaylash.com\/index.php\/wp-json\/wp\/v2\/media?parent=44"}],"curies":[{"name":"wp","href":"https:\/\/api.w.org\/{rel}","templated":true}]}}